{"id":5549,"date":"2024-08-20T12:55:57","date_gmt":"2024-08-20T12:55:57","guid":{"rendered":"https:\/\/ozonizer.com.ar\/web\/?post_type=product&#038;p=5549"},"modified":"2025-06-10T13:54:05","modified_gmt":"2025-06-10T16:54:05","slug":"combo-oz-ambiente-simple-agua-digital","status":"publish","type":"product","link":"https:\/\/ozonizer.com.ar\/web\/producto\/combo-oz-ambiente-simple-agua-digital\/","title":{"rendered":"Combo- OZ de Ambiente Simple y Agua Digital"},"content":{"rendered":"<p>El modelo de aire \u00ab<strong>SIMPLE<\/strong>\u00bb\u00a0 es ideal para mantener purificados, libre de olores ambientes peque\u00f1os como un ba\u00f1o, un dormitorio, una oficina peque\u00f1a con m\u00e1ximo 3 personas.<\/p>\n<h3><span style=\"color: #ffffff;\"><strong>Funciones del Ozonizador de AMBIENTE:\u00a0<\/strong><\/span><\/h3>\n<ul>\n<li>Purifica y desinfecta el aire eliminando la carga microbacteriana, virus, hongos y pesadez del ambiente.<\/li>\n<li>Elimina todo tipos de olores como comida, cigarrillo, humedad, olores generado por carga microbiana, entre otros.<\/li>\n<li>Destruye los elementos alerg\u00e9nicos y ioniza el espacio.<\/li>\n<li>\u00a0Tecnolog\u00eda natural a base de ox\u00edgeno.<\/li>\n<li>5 a 6 a\u00f1os de vida \u00fatil.<\/li>\n<li>\u00a0No requiere de mantenimiento. S\u00f3lo una limpieza anual que la realiza usted mismo siguiendo nuestro instructivo.<\/li>\n<\/ul>\n<h3>CARACTER\u00cdSTICAS T\u00c9CNICAS:<\/h3>\n<ul>\n<li>Instalaci\u00f3n directa a toma corriente.<\/li>\n<li>Altura recomendada 1.80mts.<\/li>\n<li>Consumo 10watt.<\/li>\n<li>Medidas: 35cm x 11cm x 9cm<\/li>\n<li>Salida de Ozono: 60 mg O3 \/ hora<\/li>\n<li>Salida de iones negativos: 15,000,000 pcs\/cm3<\/li>\n<li>Concentraci\u00f3n de Ozono: 0.08 ppm (0.1 ppm l\u00edmite seguro para personas)<\/li>\n<\/ul>\n<p><strong>Funciones del Ozonizador de AGUA DIGITAL:<\/strong><\/p>\n<ul>\n<li>PURIFICA matando completamente virus, bacterias, hongos y algas.<\/li>\n<li>ELIMINA 100% el cloro, agroqu\u00edmicos y pesticidas.<\/li>\n<li>DESINFECTA frutas y verduras.<\/li>\n<li>HIGIENIZA todo tipo de productos. Ej: Chupetes, mamaderas, recipientes, anteojos, elementos de cocina, pr\u00f3tesis dentales, etc.<\/li>\n<li>OZONIZA el aceite para aplicaci\u00f3n dermatol\u00f3gica.<\/li>\n<li>Viene con manguera adicional.<\/li>\n<li>Dimensi\u00f3n: 200 mm x 170 mm x 70mm.<\/li>\n<li>Generaci\u00f3n de Ozono: 500 mg O3\/hora.<\/li>\n<li>Port\u00e1til.<\/li>\n<li>Display electr\u00f3nico para configurar el tiempo de uso<\/li>\n<\/ul>\n<h3><span style=\"color: #ffffff;\"><strong>CARACTER\u00cdSTICAS T\u00c9CNICA<\/strong><\/span><\/h3>\n","protected":false},"excerpt":{"rendered":"<p>El modelo de aire \u00abSIMPLE\u00bb\u00a0 es ideal para mantener purificados, libre de olores ambientes peque\u00f1os como un ba\u00f1o, un dormitorio, una oficina peque\u00f1a con m\u00e1ximo 3 personas. Funciones del Ozonizador de AMBIENTE:\u00a0 Purifica y desinfecta el aire eliminando la carga microbacteriana, virus, hongos y pesadez del ambiente. Elimina todo tipos de olores como comida, cigarrillo, [&hellip;]<\/p>\n","protected":false},"featured_media":5555,"template":"","meta":{"site-sidebar-layout":"default","site-content-layout":"","ast-site-content-layout":"default","site-content-style":"default","site-sidebar-style":"default","ast-global-header-display":"","ast-banner-title-visibility":"","ast-main-header-display":"","ast-hfb-above-header-display":"","ast-hfb-below-header-display":"","ast-hfb-mobile-header-display":"","site-post-title":"","ast-breadcrumbs-content":"","ast-featured-img":"","footer-sml-layout":"","ast-disable-related-posts":"","theme-transparent-header-meta":"default","adv-header-id-meta":"","stick-header-meta":"","header-above-stick-meta":"","header-main-stick-meta":"","header-below-stick-meta":"","astra-migrate-meta-layouts":"set","ast-page-background-enabled":"default","ast-page-background-meta":{"desktop":{"background-color":"var(--ast-global-color-4)","background-image":"","background-repeat":"repeat","background-position":"center center","background-size":"auto","background-attachment":"scroll","background-type":"","background-media":"","overlay-type":"","overlay-color":"","overlay-opacity":"","overlay-gradient":""},"tablet":{"background-color":"","background-image":"","background-repeat":"repeat","background-position":"center center","background-size":"auto","background-attachment":"scroll","background-type":"","background-media":"","overlay-type":"","overlay-color":"","overlay-opacity":"","overlay-gradient":""},"mobile":{"background-color":"","background-image":"","background-repeat":"repeat","background-position":"center center","background-size":"auto","background-attachment":"scroll","background-type":"","background-media":"","overlay-type":"","overlay-color":"","overlay-opacity":"","overlay-gradient":""}},"ast-content-background-meta":{"desktop":{"background-color":"var(--ast-global-color-5)","background-image":"","background-repeat":"repeat","background-position":"center center","background-size":"auto","background-attachment":"scroll","background-type":"","background-media":"","overlay-type":"","overlay-color":"","overlay-opacity":"","overlay-gradient":""},"tablet":{"background-color":"var(--ast-global-color-5)","background-image":"","background-repeat":"repeat","background-position":"center center","background-size":"auto","background-attachment":"scroll","background-type":"","background-media":"","overlay-type":"","overlay-color":"","overlay-opacity":"","overlay-gradient":""},"mobile":{"background-color":"var(--ast-global-color-5)","background-image":"","background-repeat":"repeat","background-position":"center center","background-size":"auto","background-attachment":"scroll","background-type":"","background-media":"","overlay-type":"","overlay-color":"","overlay-opacity":"","overlay-gradient":""}},"_joinchat":[]},"product_brand":[],"product_cat":[20],"product_tag":[],"class_list":{"0":"post-5549","1":"product","2":"type-product","3":"status-publish","4":"has-post-thumbnail","6":"product_cat-combos","7":"product_shipping_class-envio-gratuito","8":"desktop-align-center","9":"tablet-align-left","10":"mobile-align-left","12":"first","13":"instock","14":"taxable","15":"shipping-taxable","16":"purchasable","17":"product-type-variable"},"yoast_head":"<!-- This site is optimized with the Yoast SEO plugin v27.2 - https:\/\/yoast.com\/product\/yoast-seo-wordpress\/ -->\n<title>Combo- OZ de Ambiente Simple y Agua Digital - Ozonizer Fabrica de equipo de Ozono<\/title>\n<meta name=\"robots\" content=\"noindex, follow\" \/>\n<meta property=\"og:locale\" content=\"es_ES\" \/>\n<meta property=\"og:type\" content=\"article\" \/>\n<meta property=\"og:title\" content=\"Combo- OZ de Ambiente Simple y Agua Digital - Ozonizer Fabrica de equipo de Ozono\" \/>\n<meta property=\"og:description\" content=\"El modelo de aire \u00abSIMPLE\u00bb\u00a0 es ideal para mantener purificados, libre de olores ambientes peque\u00f1os como un ba\u00f1o, un dormitorio, una oficina peque\u00f1a con m\u00e1ximo 3 personas. Funciones del Ozonizador de AMBIENTE:\u00a0 Purifica y desinfecta el aire eliminando la carga microbacteriana, virus, hongos y pesadez del ambiente. Elimina todo tipos de olores como comida, cigarrillo, [&hellip;]\" \/>\n<meta property=\"og:url\" content=\"https:\/\/ozonizer.com.ar\/web\/producto\/combo-oz-ambiente-simple-agua-digital\/\" \/>\n<meta property=\"og:site_name\" content=\"Ozonizer Fabrica de equipo de Ozono\" \/>\n<meta property=\"article:modified_time\" content=\"2025-06-10T16:54:05+00:00\" \/>\n<meta property=\"og:image\" content=\"https:\/\/ozonizer.com.ar\/web\/wp-content\/uploads\/2024\/08\/Combo-plus-clasico.png\" \/>\n\t<meta property=\"og:image:width\" content=\"1200\" \/>\n\t<meta property=\"og:image:height\" content=\"1200\" \/>\n\t<meta property=\"og:image:type\" content=\"image\/png\" \/>\n<meta name=\"twitter:card\" content=\"summary_large_image\" \/>\n<meta name=\"twitter:label1\" content=\"Tiempo de lectura\" \/>\n\t<meta name=\"twitter:data1\" content=\"1 minuto\" \/>\n<script type=\"application\/ld+json\" class=\"yoast-schema-graph\">{\"@context\":\"https:\/\/schema.org\",\"@graph\":[{\"@type\":\"WebPage\",\"@id\":\"https:\/\/ozonizer.com.ar\/web\/producto\/combo-oz-ambiente-simple-agua-digital\/\",\"url\":\"https:\/\/ozonizer.com.ar\/web\/producto\/combo-oz-ambiente-simple-agua-digital\/\",\"name\":\"Combo- OZ de Ambiente Simple y Agua Digital - Ozonizer Fabrica de equipo de Ozono\",\"isPartOf\":{\"@id\":\"https:\/\/ozonizer.com.ar\/web\/#website\"},\"primaryImageOfPage\":{\"@id\":\"https:\/\/ozonizer.com.ar\/web\/producto\/combo-oz-ambiente-simple-agua-digital\/#primaryimage\"},\"image\":{\"@id\":\"https:\/\/ozonizer.com.ar\/web\/producto\/combo-oz-ambiente-simple-agua-digital\/#primaryimage\"},\"thumbnailUrl\":\"https:\/\/ozonizer.com.ar\/web\/wp-content\/uploads\/2024\/08\/Combo-plus-clasico.webp\",\"datePublished\":\"2024-08-20T12:55:57+00:00\",\"dateModified\":\"2025-06-10T16:54:05+00:00\",\"breadcrumb\":{\"@id\":\"https:\/\/ozonizer.com.ar\/web\/producto\/combo-oz-ambiente-simple-agua-digital\/#breadcrumb\"},\"inLanguage\":\"es\",\"potentialAction\":[{\"@type\":\"ReadAction\",\"target\":[\"https:\/\/ozonizer.com.ar\/web\/producto\/combo-oz-ambiente-simple-agua-digital\/\"]}]},{\"@type\":\"ImageObject\",\"inLanguage\":\"es\",\"@id\":\"https:\/\/ozonizer.com.ar\/web\/producto\/combo-oz-ambiente-simple-agua-digital\/#primaryimage\",\"url\":\"https:\/\/ozonizer.com.ar\/web\/wp-content\/uploads\/2024\/08\/Combo-plus-clasico.webp\",\"contentUrl\":\"https:\/\/ozonizer.com.ar\/web\/wp-content\/uploads\/2024\/08\/Combo-plus-clasico.webp\",\"width\":1200,\"height\":1200,\"caption\":\"Ozono para el agua y el ambiente familiar\"},{\"@type\":\"BreadcrumbList\",\"@id\":\"https:\/\/ozonizer.com.ar\/web\/producto\/combo-oz-ambiente-simple-agua-digital\/#breadcrumb\",\"itemListElement\":[{\"@type\":\"ListItem\",\"position\":1,\"name\":\"Portada\",\"item\":\"https:\/\/ozonizer.com.ar\/web\/\"},{\"@type\":\"ListItem\",\"position\":2,\"name\":\"Tienda\",\"item\":\"https:\/\/ozonizer.com.ar\/web\/?page_id=2887\"},{\"@type\":\"ListItem\",\"position\":3,\"name\":\"Combo- OZ de Ambiente Simple y Agua Digital\"}]},{\"@type\":\"WebSite\",\"@id\":\"https:\/\/ozonizer.com.ar\/web\/#website\",\"url\":\"https:\/\/ozonizer.com.ar\/web\/\",\"name\":\"Ozonizer - Equipos de Ozono Industrial\",\"description\":\"Generadores de ozono para Desinfecci\u00f3n\",\"publisher\":{\"@id\":\"https:\/\/ozonizer.com.ar\/web\/#organization\"},\"potentialAction\":[{\"@type\":\"SearchAction\",\"target\":{\"@type\":\"EntryPoint\",\"urlTemplate\":\"https:\/\/ozonizer.com.ar\/web\/?s={search_term_string}\"},\"query-input\":{\"@type\":\"PropertyValueSpecification\",\"valueRequired\":true,\"valueName\":\"search_term_string\"}}],\"inLanguage\":\"es\"},{\"@type\":\"Organization\",\"@id\":\"https:\/\/ozonizer.com.ar\/web\/#organization\",\"name\":\"Ozonizer El ozono es el desinfectante natural m\u00e1s poderoso.\",\"url\":\"https:\/\/ozonizer.com.ar\/web\/\",\"logo\":{\"@type\":\"ImageObject\",\"inLanguage\":\"es\",\"@id\":\"https:\/\/ozonizer.com.ar\/web\/#\/schema\/logo\/image\/\",\"url\":\"https:\/\/ozonizer.com.ar\/web\/wp-content\/uploads\/2024\/05\/cropped-LOGO-02-10.jpg\",\"contentUrl\":\"https:\/\/ozonizer.com.ar\/web\/wp-content\/uploads\/2024\/05\/cropped-LOGO-02-10.jpg\",\"width\":1077,\"height\":360,\"caption\":\"Ozonizer El ozono es el desinfectante natural m\u00e1s poderoso.\"},\"image\":{\"@id\":\"https:\/\/ozonizer.com.ar\/web\/#\/schema\/logo\/image\/\"},\"sameAs\":[\"https:\/\/www.linkedin.com\/company\/ozonizer-generadores-de-ozono\/\",\"https:\/\/www.instagram.com\/ozonizer.arg\"]}]}<\/script>\n<!-- \/ Yoast SEO plugin. -->","yoast_head_json":{"title":"Combo- OZ de Ambiente Simple y Agua Digital - Ozonizer Fabrica de equipo de Ozono","robots":{"index":"noindex","follow":"follow"},"og_locale":"es_ES","og_type":"article","og_title":"Combo- OZ de Ambiente Simple y Agua Digital - Ozonizer Fabrica de equipo de Ozono","og_description":"El modelo de aire \u00abSIMPLE\u00bb\u00a0 es ideal para mantener purificados, libre de olores ambientes peque\u00f1os como un ba\u00f1o, un dormitorio, una oficina peque\u00f1a con m\u00e1ximo 3 personas. Funciones del Ozonizador de AMBIENTE:\u00a0 Purifica y desinfecta el aire eliminando la carga microbacteriana, virus, hongos y pesadez del ambiente. Elimina todo tipos de olores como comida, cigarrillo, [&hellip;]","og_url":"https:\/\/ozonizer.com.ar\/web\/producto\/combo-oz-ambiente-simple-agua-digital\/","og_site_name":"Ozonizer Fabrica de equipo de Ozono","article_modified_time":"2025-06-10T16:54:05+00:00","og_image":[{"width":1200,"height":1200,"url":"https:\/\/ozonizer.com.ar\/web\/wp-content\/uploads\/2024\/08\/Combo-plus-clasico.png","type":"image\/png"}],"twitter_card":"summary_large_image","twitter_misc":{"Tiempo de lectura":"1 minuto"},"schema":{"@context":"https:\/\/schema.org","@graph":[{"@type":"WebPage","@id":"https:\/\/ozonizer.com.ar\/web\/producto\/combo-oz-ambiente-simple-agua-digital\/","url":"https:\/\/ozonizer.com.ar\/web\/producto\/combo-oz-ambiente-simple-agua-digital\/","name":"Combo- OZ de Ambiente Simple y Agua Digital - Ozonizer Fabrica de equipo de Ozono","isPartOf":{"@id":"https:\/\/ozonizer.com.ar\/web\/#website"},"primaryImageOfPage":{"@id":"https:\/\/ozonizer.com.ar\/web\/producto\/combo-oz-ambiente-simple-agua-digital\/#primaryimage"},"image":{"@id":"https:\/\/ozonizer.com.ar\/web\/producto\/combo-oz-ambiente-simple-agua-digital\/#primaryimage"},"thumbnailUrl":"https:\/\/ozonizer.com.ar\/web\/wp-content\/uploads\/2024\/08\/Combo-plus-clasico.webp","datePublished":"2024-08-20T12:55:57+00:00","dateModified":"2025-06-10T16:54:05+00:00","breadcrumb":{"@id":"https:\/\/ozonizer.com.ar\/web\/producto\/combo-oz-ambiente-simple-agua-digital\/#breadcrumb"},"inLanguage":"es","potentialAction":[{"@type":"ReadAction","target":["https:\/\/ozonizer.com.ar\/web\/producto\/combo-oz-ambiente-simple-agua-digital\/"]}]},{"@type":"ImageObject","inLanguage":"es","@id":"https:\/\/ozonizer.com.ar\/web\/producto\/combo-oz-ambiente-simple-agua-digital\/#primaryimage","url":"https:\/\/ozonizer.com.ar\/web\/wp-content\/uploads\/2024\/08\/Combo-plus-clasico.webp","contentUrl":"https:\/\/ozonizer.com.ar\/web\/wp-content\/uploads\/2024\/08\/Combo-plus-clasico.webp","width":1200,"height":1200,"caption":"Ozono para el agua y el ambiente familiar"},{"@type":"BreadcrumbList","@id":"https:\/\/ozonizer.com.ar\/web\/producto\/combo-oz-ambiente-simple-agua-digital\/#breadcrumb","itemListElement":[{"@type":"ListItem","position":1,"name":"Portada","item":"https:\/\/ozonizer.com.ar\/web\/"},{"@type":"ListItem","position":2,"name":"Tienda","item":"https:\/\/ozonizer.com.ar\/web\/?page_id=2887"},{"@type":"ListItem","position":3,"name":"Combo- OZ de Ambiente Simple y Agua Digital"}]},{"@type":"WebSite","@id":"https:\/\/ozonizer.com.ar\/web\/#website","url":"https:\/\/ozonizer.com.ar\/web\/","name":"Ozonizer - Equipos de Ozono Industrial","description":"Generadores de ozono para Desinfecci\u00f3n","publisher":{"@id":"https:\/\/ozonizer.com.ar\/web\/#organization"},"potentialAction":[{"@type":"SearchAction","target":{"@type":"EntryPoint","urlTemplate":"https:\/\/ozonizer.com.ar\/web\/?s={search_term_string}"},"query-input":{"@type":"PropertyValueSpecification","valueRequired":true,"valueName":"search_term_string"}}],"inLanguage":"es"},{"@type":"Organization","@id":"https:\/\/ozonizer.com.ar\/web\/#organization","name":"Ozonizer El ozono es el desinfectante natural m\u00e1s poderoso.","url":"https:\/\/ozonizer.com.ar\/web\/","logo":{"@type":"ImageObject","inLanguage":"es","@id":"https:\/\/ozonizer.com.ar\/web\/#\/schema\/logo\/image\/","url":"https:\/\/ozonizer.com.ar\/web\/wp-content\/uploads\/2024\/05\/cropped-LOGO-02-10.jpg","contentUrl":"https:\/\/ozonizer.com.ar\/web\/wp-content\/uploads\/2024\/05\/cropped-LOGO-02-10.jpg","width":1077,"height":360,"caption":"Ozonizer El ozono es el desinfectante natural m\u00e1s poderoso."},"image":{"@id":"https:\/\/ozonizer.com.ar\/web\/#\/schema\/logo\/image\/"},"sameAs":["https:\/\/www.linkedin.com\/company\/ozonizer-generadores-de-ozono\/","https:\/\/www.instagram.com\/ozonizer.arg"]}]}},"_links":{"self":[{"href":"https:\/\/ozonizer.com.ar\/web\/wp-json\/wp\/v2\/product\/5549","targetHints":{"allow":["GET"]}}],"collection":[{"href":"https:\/\/ozonizer.com.ar\/web\/wp-json\/wp\/v2\/product"}],"about":[{"href":"https:\/\/ozonizer.com.ar\/web\/wp-json\/wp\/v2\/types\/product"}],"wp:featuredmedia":[{"embeddable":true,"href":"https:\/\/ozonizer.com.ar\/web\/wp-json\/wp\/v2\/media\/5555"}],"wp:attachment":[{"href":"https:\/\/ozonizer.com.ar\/web\/wp-json\/wp\/v2\/media?parent=5549"}],"wp:term":[{"taxonomy":"product_brand","embeddable":true,"href":"https:\/\/ozonizer.com.ar\/web\/wp-json\/wp\/v2\/product_brand?post=5549"},{"taxonomy":"product_cat","embeddable":true,"href":"https:\/\/ozonizer.com.ar\/web\/wp-json\/wp\/v2\/product_cat?post=5549"},{"taxonomy":"product_tag","embeddable":true,"href":"https:\/\/ozonizer.com.ar\/web\/wp-json\/wp\/v2\/product_tag?post=5549"}],"curies":[{"name":"wp","href":"https:\/\/api.w.org\/{rel}","templated":true}]}}