{"id":2893,"date":"2023-12-20T04:21:11","date_gmt":"2023-12-20T04:21:11","guid":{"rendered":"https:\/\/ozonizer.com.ar\/web\/?post_type=product&#038;p=2893"},"modified":"2025-06-10T08:59:56","modified_gmt":"2025-06-10T11:59:56","slug":"combo-ambiente-doble-2","status":"publish","type":"product","link":"https:\/\/ozonizer.com.ar\/web\/producto\/combo-ambiente-doble-2\/","title":{"rendered":"Combo Oz. Ambiente doble &#8211; dos unidades"},"content":{"rendered":"<h3><span style=\"color: #ffffff;\"><strong>COMBO OZONIZADOR DOBLE X 2 UNIDADES<\/strong><\/span><\/h3>\n<p>El modelo de aire <strong>\u00abDOBLE O PLUS\u00bb<\/strong> se recomienda para ambientes amplios, con tr\u00e1nsito de personas y\u00a0\u00a0donde mayores olores se generan como Cocina, Living\/comedor, Salas de espera, salas de actividad f\u00edsica,\u00a0Oficinas con gran personal, Salas de cultivos, entre otros.<\/p>\n<h3><span style=\"color: #ffffff;\"><strong>Funciones del Ozonizador de AMBIENTE:\u00a0<\/strong><\/span><\/h3>\n<ul>\n<li>Purifica y desinfecta el aire eliminando la carga micro bacteriana presente en el ambiente.<\/li>\n<li>Elimina todo tipo de OLOR que se generan por la materia org\u00e1nica en suspensi\u00f3n y la acci\u00f3n de los distintos microorganismos sobre ella. Como olor a comida, cigarrillo, humedad, olor a personas, cloacas, encierro, etc.<\/li>\n<li>Permite dejar el aire totalmente desinfectado, limpio y puro: El ozono, por su mayor poder oxigenante, contribuye a mejorar el ambiente al m\u00e1ximo con el ox\u00edgeno disponible.<\/li>\n<li>Nuestros equipos adem\u00e1s de OZONIZAR tambi\u00e9n IONIZAN el ambiente dando como resultado un ambiente equilibrado, fresco y sin densidad\/pesadez.<\/li>\n<li>Evita contagios de enfermedades y destruye elementos alerg\u00e9nicos y \u00e1caros. El Ozono act\u00faa como bactericida, viricida y germicida, esto gracias a su poder oxidante.<\/li>\n<li>No es nocivo para la salud de personas, animales ni plantas.<\/li>\n<\/ul>\n<h3><span style=\"color: #ffffff;\">CARACTER\u00cdSTICAS T\u00c9CNICAS:<\/span><\/h3>\n<ul>\n<li>\u00a05 a 6 a\u00f1os de vida \u00fatil.<\/li>\n<li>\u00a0<strong>No\u00a0<\/strong>requiere de mantenimiento. S\u00f3lo una limpieza anual que la realiza usted mismo siguiendo nuestro instructivo.<\/li>\n<li>Ideal para ambientes con flujo de personas y mayor presencia de olores y riesgo de contaminaci\u00f3n,\u00a0como salas de reuniones, salas de espera, oficinas con 4 a 10 personas, cocinas, salas de cultivo, Salas de Gym, etc.<\/li>\n<li>Cobertura m\u00e1xima de 300m3<\/li>\n<li>Instalaci\u00f3n directa a toma corriente.<\/li>\n<li>Altura recomendada 1.80mts.<\/li>\n<li>Consumo 10watt.<\/li>\n<li>Medidas: 35cm x 11cm x 9cm<\/li>\n<li>Salida de Ozono: 110 mg O3\/ hora<\/li>\n<li>Salida de iones negativos: 25,000,000 pcs\/cm3<\/li>\n<li>Concentraci\u00f3n de Ozono: 0.08 ppm (0.1 ppm limite seguro para personas)<\/li>\n<\/ul>\n","protected":false},"excerpt":{"rendered":"<p>COMBO OZONIZADOR DOBLE X 2 UNIDADES El modelo de aire \u00abDOBLE O PLUS\u00bb se recomienda para ambientes amplios, con tr\u00e1nsito de personas y\u00a0\u00a0donde mayores olores se generan como Cocina, Living\/comedor, Salas de espera, salas de actividad f\u00edsica,\u00a0Oficinas con gran personal, Salas de cultivos, entre otros. Funciones del Ozonizador de AMBIENTE:\u00a0 Purifica y desinfecta el aire [&hellip;]<\/p>\n","protected":false},"featured_media":3120,"template":"","meta":{"site-sidebar-layout":"default","site-content-layout":"","ast-site-content-layout":"default","site-content-style":"default","site-sidebar-style":"default","ast-global-header-display":"","ast-banner-title-visibility":"","ast-main-header-display":"","ast-hfb-above-header-display":"","ast-hfb-below-header-display":"","ast-hfb-mobile-header-display":"","site-post-title":"","ast-breadcrumbs-content":"","ast-featured-img":"","footer-sml-layout":"","ast-disable-related-posts":"","theme-transparent-header-meta":"default","adv-header-id-meta":"","stick-header-meta":"","header-above-stick-meta":"","header-main-stick-meta":"","header-below-stick-meta":"","astra-migrate-meta-layouts":"set","ast-page-background-enabled":"default","ast-page-background-meta":{"desktop":{"background-color":"var(--ast-global-color-4)","background-image":"","background-repeat":"repeat","background-position":"center center","background-size":"auto","background-attachment":"scroll","background-type":"","background-media":"","overlay-type":"","overlay-color":"","overlay-opacity":"","overlay-gradient":""},"tablet":{"background-color":"","background-image":"","background-repeat":"repeat","background-position":"center center","background-size":"auto","background-attachment":"scroll","background-type":"","background-media":"","overlay-type":"","overlay-color":"","overlay-opacity":"","overlay-gradient":""},"mobile":{"background-color":"","background-image":"","background-repeat":"repeat","background-position":"center center","background-size":"auto","background-attachment":"scroll","background-type":"","background-media":"","overlay-type":"","overlay-color":"","overlay-opacity":"","overlay-gradient":""}},"ast-content-background-meta":{"desktop":{"background-color":"var(--ast-global-color-5)","background-image":"","background-repeat":"repeat","background-position":"center center","background-size":"auto","background-attachment":"scroll","background-type":"","background-media":"","overlay-type":"","overlay-color":"","overlay-opacity":"","overlay-gradient":""},"tablet":{"background-color":"var(--ast-global-color-5)","background-image":"","background-repeat":"repeat","background-position":"center center","background-size":"auto","background-attachment":"scroll","background-type":"","background-media":"","overlay-type":"","overlay-color":"","overlay-opacity":"","overlay-gradient":""},"mobile":{"background-color":"var(--ast-global-color-5)","background-image":"","background-repeat":"repeat","background-position":"center center","background-size":"auto","background-attachment":"scroll","background-type":"","background-media":"","overlay-type":"","overlay-color":"","overlay-opacity":"","overlay-gradient":""}},"_joinchat":[]},"product_brand":[],"product_cat":[20],"product_tag":[],"class_list":{"0":"post-2893","1":"product","2":"type-product","3":"status-publish","4":"has-post-thumbnail","6":"product_cat-combos","7":"product_shipping_class-envio-gratuito","8":"desktop-align-center","9":"tablet-align-left","10":"mobile-align-left","12":"first","13":"instock","14":"taxable","15":"shipping-taxable","16":"purchasable","17":"product-type-simple"},"yoast_head":"<!-- This site is optimized with the Yoast SEO plugin v27.2 - https:\/\/yoast.com\/product\/yoast-seo-wordpress\/ -->\n<title>Combo Oz. Ambiente doble - dos unidades - Ozonizer Fabrica de equipo de Ozono<\/title>\n<meta name=\"robots\" content=\"noindex, follow\" \/>\n<meta property=\"og:locale\" content=\"es_ES\" \/>\n<meta property=\"og:type\" content=\"article\" \/>\n<meta property=\"og:title\" content=\"Combo Oz. Ambiente doble - dos unidades - Ozonizer Fabrica de equipo de Ozono\" \/>\n<meta property=\"og:description\" content=\"COMBO OZONIZADOR DOBLE X 2 UNIDADES El modelo de aire \u00abDOBLE O PLUS\u00bb se recomienda para ambientes amplios, con tr\u00e1nsito de personas y\u00a0\u00a0donde mayores olores se generan como Cocina, Living\/comedor, Salas de espera, salas de actividad f\u00edsica,\u00a0Oficinas con gran personal, Salas de cultivos, entre otros. Funciones del Ozonizador de AMBIENTE:\u00a0 Purifica y desinfecta el aire [&hellip;]\" \/>\n<meta property=\"og:url\" content=\"https:\/\/ozonizer.com.ar\/web\/producto\/combo-ambiente-doble-2\/\" \/>\n<meta property=\"og:site_name\" content=\"Ozonizer Fabrica de equipo de Ozono\" \/>\n<meta property=\"article:modified_time\" content=\"2025-06-10T11:59:56+00:00\" \/>\n<meta property=\"og:image\" content=\"https:\/\/ozonizer.com.ar\/web\/wp-content\/uploads\/2024\/01\/Rectangle-458.png\" \/>\n\t<meta property=\"og:image:width\" content=\"1080\" \/>\n\t<meta property=\"og:image:height\" content=\"852\" \/>\n\t<meta property=\"og:image:type\" content=\"image\/png\" \/>\n<meta name=\"twitter:card\" content=\"summary_large_image\" \/>\n<meta name=\"twitter:label1\" content=\"Tiempo de lectura\" \/>\n\t<meta name=\"twitter:data1\" content=\"2 minutos\" \/>\n<script type=\"application\/ld+json\" class=\"yoast-schema-graph\">{\"@context\":\"https:\/\/schema.org\",\"@graph\":[{\"@type\":\"WebPage\",\"@id\":\"https:\/\/ozonizer.com.ar\/web\/producto\/combo-ambiente-doble-2\/\",\"url\":\"https:\/\/ozonizer.com.ar\/web\/producto\/combo-ambiente-doble-2\/\",\"name\":\"Combo Oz. Ambiente doble - dos unidades - Ozonizer Fabrica de equipo de Ozono\",\"isPartOf\":{\"@id\":\"https:\/\/ozonizer.com.ar\/web\/#website\"},\"primaryImageOfPage\":{\"@id\":\"https:\/\/ozonizer.com.ar\/web\/producto\/combo-ambiente-doble-2\/#primaryimage\"},\"image\":{\"@id\":\"https:\/\/ozonizer.com.ar\/web\/producto\/combo-ambiente-doble-2\/#primaryimage\"},\"thumbnailUrl\":\"https:\/\/ozonizer.com.ar\/web\/wp-content\/uploads\/2024\/01\/Rectangle-458.png\",\"datePublished\":\"2023-12-20T04:21:11+00:00\",\"dateModified\":\"2025-06-10T11:59:56+00:00\",\"breadcrumb\":{\"@id\":\"https:\/\/ozonizer.com.ar\/web\/producto\/combo-ambiente-doble-2\/#breadcrumb\"},\"inLanguage\":\"es\",\"potentialAction\":[{\"@type\":\"ReadAction\",\"target\":[\"https:\/\/ozonizer.com.ar\/web\/producto\/combo-ambiente-doble-2\/\"]}]},{\"@type\":\"ImageObject\",\"inLanguage\":\"es\",\"@id\":\"https:\/\/ozonizer.com.ar\/web\/producto\/combo-ambiente-doble-2\/#primaryimage\",\"url\":\"https:\/\/ozonizer.com.ar\/web\/wp-content\/uploads\/2024\/01\/Rectangle-458.png\",\"contentUrl\":\"https:\/\/ozonizer.com.ar\/web\/wp-content\/uploads\/2024\/01\/Rectangle-458.png\",\"width\":1080,\"height\":852},{\"@type\":\"BreadcrumbList\",\"@id\":\"https:\/\/ozonizer.com.ar\/web\/producto\/combo-ambiente-doble-2\/#breadcrumb\",\"itemListElement\":[{\"@type\":\"ListItem\",\"position\":1,\"name\":\"Portada\",\"item\":\"https:\/\/ozonizer.com.ar\/web\/\"},{\"@type\":\"ListItem\",\"position\":2,\"name\":\"Tienda\",\"item\":\"https:\/\/ozonizer.com.ar\/web\/?page_id=2887\"},{\"@type\":\"ListItem\",\"position\":3,\"name\":\"Combo Oz. Ambiente doble &#8211; dos unidades\"}]},{\"@type\":\"WebSite\",\"@id\":\"https:\/\/ozonizer.com.ar\/web\/#website\",\"url\":\"https:\/\/ozonizer.com.ar\/web\/\",\"name\":\"Ozonizer - Equipos de Ozono Industrial\",\"description\":\"Generadores de ozono para Desinfecci\u00f3n\",\"publisher\":{\"@id\":\"https:\/\/ozonizer.com.ar\/web\/#organization\"},\"potentialAction\":[{\"@type\":\"SearchAction\",\"target\":{\"@type\":\"EntryPoint\",\"urlTemplate\":\"https:\/\/ozonizer.com.ar\/web\/?s={search_term_string}\"},\"query-input\":{\"@type\":\"PropertyValueSpecification\",\"valueRequired\":true,\"valueName\":\"search_term_string\"}}],\"inLanguage\":\"es\"},{\"@type\":\"Organization\",\"@id\":\"https:\/\/ozonizer.com.ar\/web\/#organization\",\"name\":\"Ozonizer El ozono es el desinfectante natural m\u00e1s poderoso.\",\"url\":\"https:\/\/ozonizer.com.ar\/web\/\",\"logo\":{\"@type\":\"ImageObject\",\"inLanguage\":\"es\",\"@id\":\"https:\/\/ozonizer.com.ar\/web\/#\/schema\/logo\/image\/\",\"url\":\"https:\/\/ozonizer.com.ar\/web\/wp-content\/uploads\/2024\/05\/cropped-LOGO-02-10.jpg\",\"contentUrl\":\"https:\/\/ozonizer.com.ar\/web\/wp-content\/uploads\/2024\/05\/cropped-LOGO-02-10.jpg\",\"width\":1077,\"height\":360,\"caption\":\"Ozonizer El ozono es el desinfectante natural m\u00e1s poderoso.\"},\"image\":{\"@id\":\"https:\/\/ozonizer.com.ar\/web\/#\/schema\/logo\/image\/\"},\"sameAs\":[\"https:\/\/www.linkedin.com\/company\/ozonizer-generadores-de-ozono\/\",\"https:\/\/www.instagram.com\/ozonizer.arg\"]}]}<\/script>\n<!-- \/ Yoast SEO plugin. -->","yoast_head_json":{"title":"Combo Oz. Ambiente doble - dos unidades - Ozonizer Fabrica de equipo de Ozono","robots":{"index":"noindex","follow":"follow"},"og_locale":"es_ES","og_type":"article","og_title":"Combo Oz. Ambiente doble - dos unidades - Ozonizer Fabrica de equipo de Ozono","og_description":"COMBO OZONIZADOR DOBLE X 2 UNIDADES El modelo de aire \u00abDOBLE O PLUS\u00bb se recomienda para ambientes amplios, con tr\u00e1nsito de personas y\u00a0\u00a0donde mayores olores se generan como Cocina, Living\/comedor, Salas de espera, salas de actividad f\u00edsica,\u00a0Oficinas con gran personal, Salas de cultivos, entre otros. Funciones del Ozonizador de AMBIENTE:\u00a0 Purifica y desinfecta el aire [&hellip;]","og_url":"https:\/\/ozonizer.com.ar\/web\/producto\/combo-ambiente-doble-2\/","og_site_name":"Ozonizer Fabrica de equipo de Ozono","article_modified_time":"2025-06-10T11:59:56+00:00","og_image":[{"width":1080,"height":852,"url":"https:\/\/ozonizer.com.ar\/web\/wp-content\/uploads\/2024\/01\/Rectangle-458.png","type":"image\/png"}],"twitter_card":"summary_large_image","twitter_misc":{"Tiempo de lectura":"2 minutos"},"schema":{"@context":"https:\/\/schema.org","@graph":[{"@type":"WebPage","@id":"https:\/\/ozonizer.com.ar\/web\/producto\/combo-ambiente-doble-2\/","url":"https:\/\/ozonizer.com.ar\/web\/producto\/combo-ambiente-doble-2\/","name":"Combo Oz. Ambiente doble - dos unidades - Ozonizer Fabrica de equipo de Ozono","isPartOf":{"@id":"https:\/\/ozonizer.com.ar\/web\/#website"},"primaryImageOfPage":{"@id":"https:\/\/ozonizer.com.ar\/web\/producto\/combo-ambiente-doble-2\/#primaryimage"},"image":{"@id":"https:\/\/ozonizer.com.ar\/web\/producto\/combo-ambiente-doble-2\/#primaryimage"},"thumbnailUrl":"https:\/\/ozonizer.com.ar\/web\/wp-content\/uploads\/2024\/01\/Rectangle-458.png","datePublished":"2023-12-20T04:21:11+00:00","dateModified":"2025-06-10T11:59:56+00:00","breadcrumb":{"@id":"https:\/\/ozonizer.com.ar\/web\/producto\/combo-ambiente-doble-2\/#breadcrumb"},"inLanguage":"es","potentialAction":[{"@type":"ReadAction","target":["https:\/\/ozonizer.com.ar\/web\/producto\/combo-ambiente-doble-2\/"]}]},{"@type":"ImageObject","inLanguage":"es","@id":"https:\/\/ozonizer.com.ar\/web\/producto\/combo-ambiente-doble-2\/#primaryimage","url":"https:\/\/ozonizer.com.ar\/web\/wp-content\/uploads\/2024\/01\/Rectangle-458.png","contentUrl":"https:\/\/ozonizer.com.ar\/web\/wp-content\/uploads\/2024\/01\/Rectangle-458.png","width":1080,"height":852},{"@type":"BreadcrumbList","@id":"https:\/\/ozonizer.com.ar\/web\/producto\/combo-ambiente-doble-2\/#breadcrumb","itemListElement":[{"@type":"ListItem","position":1,"name":"Portada","item":"https:\/\/ozonizer.com.ar\/web\/"},{"@type":"ListItem","position":2,"name":"Tienda","item":"https:\/\/ozonizer.com.ar\/web\/?page_id=2887"},{"@type":"ListItem","position":3,"name":"Combo Oz. Ambiente doble &#8211; dos unidades"}]},{"@type":"WebSite","@id":"https:\/\/ozonizer.com.ar\/web\/#website","url":"https:\/\/ozonizer.com.ar\/web\/","name":"Ozonizer - Equipos de Ozono Industrial","description":"Generadores de ozono para Desinfecci\u00f3n","publisher":{"@id":"https:\/\/ozonizer.com.ar\/web\/#organization"},"potentialAction":[{"@type":"SearchAction","target":{"@type":"EntryPoint","urlTemplate":"https:\/\/ozonizer.com.ar\/web\/?s={search_term_string}"},"query-input":{"@type":"PropertyValueSpecification","valueRequired":true,"valueName":"search_term_string"}}],"inLanguage":"es"},{"@type":"Organization","@id":"https:\/\/ozonizer.com.ar\/web\/#organization","name":"Ozonizer El ozono es el desinfectante natural m\u00e1s poderoso.","url":"https:\/\/ozonizer.com.ar\/web\/","logo":{"@type":"ImageObject","inLanguage":"es","@id":"https:\/\/ozonizer.com.ar\/web\/#\/schema\/logo\/image\/","url":"https:\/\/ozonizer.com.ar\/web\/wp-content\/uploads\/2024\/05\/cropped-LOGO-02-10.jpg","contentUrl":"https:\/\/ozonizer.com.ar\/web\/wp-content\/uploads\/2024\/05\/cropped-LOGO-02-10.jpg","width":1077,"height":360,"caption":"Ozonizer El ozono es el desinfectante natural m\u00e1s poderoso."},"image":{"@id":"https:\/\/ozonizer.com.ar\/web\/#\/schema\/logo\/image\/"},"sameAs":["https:\/\/www.linkedin.com\/company\/ozonizer-generadores-de-ozono\/","https:\/\/www.instagram.com\/ozonizer.arg"]}]}},"_links":{"self":[{"href":"https:\/\/ozonizer.com.ar\/web\/wp-json\/wp\/v2\/product\/2893","targetHints":{"allow":["GET"]}}],"collection":[{"href":"https:\/\/ozonizer.com.ar\/web\/wp-json\/wp\/v2\/product"}],"about":[{"href":"https:\/\/ozonizer.com.ar\/web\/wp-json\/wp\/v2\/types\/product"}],"wp:featuredmedia":[{"embeddable":true,"href":"https:\/\/ozonizer.com.ar\/web\/wp-json\/wp\/v2\/media\/3120"}],"wp:attachment":[{"href":"https:\/\/ozonizer.com.ar\/web\/wp-json\/wp\/v2\/media?parent=2893"}],"wp:term":[{"taxonomy":"product_brand","embeddable":true,"href":"https:\/\/ozonizer.com.ar\/web\/wp-json\/wp\/v2\/product_brand?post=2893"},{"taxonomy":"product_cat","embeddable":true,"href":"https:\/\/ozonizer.com.ar\/web\/wp-json\/wp\/v2\/product_cat?post=2893"},{"taxonomy":"product_tag","embeddable":true,"href":"https:\/\/ozonizer.com.ar\/web\/wp-json\/wp\/v2\/product_tag?post=2893"}],"curies":[{"name":"wp","href":"https:\/\/api.w.org\/{rel}","templated":true}]}}