{"id":2715,"date":"2023-12-19T23:12:52","date_gmt":"2023-12-19T23:12:52","guid":{"rendered":"https:\/\/ozonizer.com.ar\/web\/?page_id=2715"},"modified":"2024-01-29T01:10:52","modified_gmt":"2024-01-29T01:10:52","slug":"health","status":"publish","type":"page","link":"https:\/\/ozonizer.com.ar\/web\/health\/","title":{"rendered":"Health"},"content":{"rendered":"\t\t<div data-elementor-type=\"wp-page\" data-elementor-id=\"2715\" class=\"elementor elementor-2715\">\n\t\t\t\t<div class=\"elementor-element elementor-element-656dcc2 e-con-full e-flex e-con e-parent\" data-id=\"656dcc2\" data-element_type=\"container\" data-settings=\"{&quot;background_background&quot;:&quot;classic&quot;}\">\n\t\t<div class=\"elementor-element elementor-element-a447b02 e-con-full e-flex e-con e-child\" data-id=\"a447b02\" data-element_type=\"container\">\n\t\t\t\t<div class=\"elementor-element elementor-element-d33cb46 elementor-widget elementor-widget-heading\" data-id=\"d33cb46\" data-element_type=\"widget\" data-widget_type=\"heading.default\">\n\t\t\t\t<div class=\"elementor-widget-container\">\n\t\t\t\t\t<h2 class=\"elementor-heading-title elementor-size-default\">Innovaci\u00f3n, tecnolog\u00eda  <BR> y <span class=\"azul\">bienestar <\/span><\/h2>\t\t\t\t<\/div>\n\t\t\t\t<\/div>\n\t\t\t\t<div class=\"elementor-element elementor-element-d115974 elementor-widget elementor-widget-heading\" data-id=\"d115974\" data-element_type=\"widget\" data-widget_type=\"heading.default\">\n\t\t\t\t<div class=\"elementor-widget-container\">\n\t\t\t\t\t<h2 class=\"elementor-heading-title elementor-size-default\">Alineados con nuestro prop\u00f3sito innovador, a trav\u00e9s de la l\u00ednea Health apostamos a visibilizar el poder de la ozonoterapia como la alternativa natural m\u00e1s eficiente para el tratamiento de enfermedades y dolencias.<\/h2>\t\t\t\t<\/div>\n\t\t\t\t<\/div>\n\t\t\t\t<\/div>\n\t\t\t\t<\/div>\n\t\t<div class=\"elementor-element elementor-element-fce7902 e-con-full e-flex e-con e-parent\" data-id=\"fce7902\" data-element_type=\"container\" data-settings=\"{&quot;background_background&quot;:&quot;classic&quot;}\">\n\t\t<div class=\"elementor-element elementor-element-e485808 e-flex e-con-boxed e-con e-child\" data-id=\"e485808\" data-element_type=\"container\" data-settings=\"{&quot;background_background&quot;:&quot;classic&quot;}\">\n\t\t\t\t\t<div class=\"e-con-inner\">\n\t\t\t\t<div class=\"elementor-element elementor-element-eeb8b26 elementor-widget elementor-widget-heading\" data-id=\"eeb8b26\" data-element_type=\"widget\" data-widget_type=\"heading.default\">\n\t\t\t\t<div class=\"elementor-widget-container\">\n\t\t\t\t\t<h2 class=\"elementor-heading-title elementor-size-default\">Pr\u00f3ximamente<\/h2>\t\t\t\t<\/div>\n\t\t\t\t<\/div>\n\t\t\t\t\t<\/div>\n\t\t\t\t<\/div>\n\t\t<div class=\"elementor-element elementor-element-57e4929 e-flex e-con-boxed e-con e-child\" data-id=\"57e4929\" data-element_type=\"container\" data-settings=\"{&quot;background_background&quot;:&quot;classic&quot;}\">\n\t\t\t\t\t<div class=\"e-con-inner\">\n\t\t<div class=\"elementor-element elementor-element-56f96ff e-con-full e-flex e-con e-child\" data-id=\"56f96ff\" data-element_type=\"container\" data-settings=\"{&quot;background_background&quot;:&quot;classic&quot;}\">\n\t\t\t\t<div class=\"elementor-element elementor-element-68a6c71 elementor-widget elementor-widget-heading\" data-id=\"68a6c71\" data-element_type=\"widget\" data-widget_type=\"heading.default\">\n\t\t\t\t<div class=\"elementor-widget-container\">\n\t\t\t\t\t<h2 class=\"elementor-heading-title elementor-size-default\">Medicina<br> general<\/h2>\t\t\t\t<\/div>\n\t\t\t\t<\/div>\n\t\t\t\t<\/div>\n\t\t<div class=\"elementor-element elementor-element-1cbcd06 e-con-full e-flex e-con e-child\" data-id=\"1cbcd06\" data-element_type=\"container\" data-settings=\"{&quot;background_background&quot;:&quot;classic&quot;}\">\n\t\t\t\t<div class=\"elementor-element elementor-element-fd64874 elementor-widget elementor-widget-heading\" data-id=\"fd64874\" data-element_type=\"widget\" data-widget_type=\"heading.default\">\n\t\t\t\t<div class=\"elementor-widget-container\">\n\t\t\t\t\t<h2 class=\"elementor-heading-title elementor-size-default\">Odontolog\u00eda<\/h2>\t\t\t\t<\/div>\n\t\t\t\t<\/div>\n\t\t\t\t<\/div>\n\t\t\t\t\t<\/div>\n\t\t\t\t<\/div>\n\t\t<div class=\"elementor-element elementor-element-e95855c e-flex e-con-boxed e-con e-child\" data-id=\"e95855c\" data-element_type=\"container\" data-settings=\"{&quot;background_background&quot;:&quot;classic&quot;}\">\n\t\t\t\t\t<div class=\"e-con-inner\">\n\t\t<div class=\"elementor-element elementor-element-78d1c0e e-con-full e-flex e-con e-child\" data-id=\"78d1c0e\" data-element_type=\"container\" data-settings=\"{&quot;background_background&quot;:&quot;classic&quot;}\">\n\t\t\t\t<div class=\"elementor-element elementor-element-8198962 elementor-widget elementor-widget-heading\" data-id=\"8198962\" data-element_type=\"widget\" data-widget_type=\"heading.default\">\n\t\t\t\t<div class=\"elementor-widget-container\">\n\t\t\t\t\t<h2 class=\"elementor-heading-title elementor-size-default\">Dermatolog\u00eda<\/h2>\t\t\t\t<\/div>\n\t\t\t\t<\/div>\n\t\t\t\t<\/div>\n\t\t<div class=\"elementor-element elementor-element-fe732a0 e-con-full e-flex e-con e-child\" data-id=\"fe732a0\" data-element_type=\"container\" data-settings=\"{&quot;background_background&quot;:&quot;classic&quot;}\">\n\t\t\t\t<div class=\"elementor-element elementor-element-6223143 elementor-widget elementor-widget-heading\" data-id=\"6223143\" data-element_type=\"widget\" data-widget_type=\"heading.default\">\n\t\t\t\t<div class=\"elementor-widget-container\">\n\t\t\t\t\t<h2 class=\"elementor-heading-title elementor-size-default\">Ginecolog\u00eda<\/h2>\t\t\t\t<\/div>\n\t\t\t\t<\/div>\n\t\t\t\t<\/div>\n\t\t\t\t\t<\/div>\n\t\t\t\t<\/div>\n\t\t<div class=\"elementor-element elementor-element-de83a5f e-flex e-con-boxed e-con e-child\" data-id=\"de83a5f\" data-element_type=\"container\" data-settings=\"{&quot;background_background&quot;:&quot;classic&quot;}\">\n\t\t\t\t\t<div class=\"e-con-inner\">\n\t\t<div class=\"elementor-element elementor-element-bb04235 e-con-full e-flex e-con e-child\" data-id=\"bb04235\" data-element_type=\"container\" data-settings=\"{&quot;background_background&quot;:&quot;classic&quot;}\">\n\t\t\t\t<div class=\"elementor-element elementor-element-28bc069 elementor-widget elementor-widget-heading\" data-id=\"28bc069\" data-element_type=\"widget\" data-widget_type=\"heading.default\">\n\t\t\t\t<div class=\"elementor-widget-container\">\n\t\t\t\t\t<h2 class=\"elementor-heading-title elementor-size-default\">Fisioterapia<\/h2>\t\t\t\t<\/div>\n\t\t\t\t<\/div>\n\t\t\t\t<\/div>\n\t\t<div class=\"elementor-element elementor-element-075d3f2 e-con-full e-flex e-con e-child\" data-id=\"075d3f2\" data-element_type=\"container\" data-settings=\"{&quot;background_background&quot;:&quot;classic&quot;}\">\n\t\t\t\t<div class=\"elementor-element elementor-element-54f2b8f elementor-widget elementor-widget-heading\" data-id=\"54f2b8f\" data-element_type=\"widget\" data-widget_type=\"heading.default\">\n\t\t\t\t<div class=\"elementor-widget-container\">\n\t\t\t\t\t<h2 class=\"elementor-heading-title elementor-size-default\">Medicina<br> deportiva<\/h2>\t\t\t\t<\/div>\n\t\t\t\t<\/div>\n\t\t\t\t<\/div>\n\t\t\t\t\t<\/div>\n\t\t\t\t<\/div>\n\t\t\t\t<\/div>\n\t\t<div class=\"elementor-element elementor-element-278a2c4 e-con-full e-flex e-con e-parent\" data-id=\"278a2c4\" data-element_type=\"container\" data-settings=\"{&quot;background_background&quot;:&quot;classic&quot;}\">\n\t\t<div class=\"elementor-element elementor-element-45133dc e-con-full e-flex e-con e-child\" data-id=\"45133dc\" data-element_type=\"container\" data-settings=\"{&quot;background_background&quot;:&quot;classic&quot;}\">\n\t\t\t\t<div class=\"elementor-element elementor-element-9ba4e3f elementor-widget elementor-widget-heading\" data-id=\"9ba4e3f\" data-element_type=\"widget\" data-widget_type=\"heading.default\">\n\t\t\t\t<div class=\"elementor-widget-container\">\n\t\t\t\t\t<h2 class=\"elementor-heading-title elementor-size-default\">Es importante consultar con un profesional de la salud capacitado para recibir un diagn\u00f3stico adecuado y un plan de tratamiento personalizado. La ozonoterapia puede ser una opci\u00f3n complementaria a otros tratamientos convencionales y debe realizarse bajo supervisi\u00f3n m\u00e9dica.<\/h2>\t\t\t\t<\/div>\n\t\t\t\t<\/div>\n\t\t\t\t<\/div>\n\t\t\t\t<\/div>\n\t\t<div class=\"elementor-element elementor-element-51d765a e-flex e-con-boxed e-con e-parent\" data-id=\"51d765a\" data-element_type=\"container\" data-settings=\"{&quot;background_background&quot;:&quot;gradient&quot;}\">\n\t\t\t\t\t<div class=\"e-con-inner\">\n\t\t\t\t<div class=\"elementor-element elementor-element-b1d1144 elementor-widget elementor-widget-spacer\" data-id=\"b1d1144\" data-element_type=\"widget\" data-widget_type=\"spacer.default\">\n\t\t\t\t<div class=\"elementor-widget-container\">\n\t\t\t\t\t\t\t<div class=\"elementor-spacer\">\n\t\t\t<div class=\"elementor-spacer-inner\"><\/div>\n\t\t<\/div>\n\t\t\t\t\t\t<\/div>\n\t\t\t\t<\/div>\n\t\t\t\t\t<\/div>\n\t\t\t\t<\/div>\n\t\t\t\t<\/div>\n\t\t","protected":false},"excerpt":{"rendered":"<p>Innovaci\u00f3n, tecnolog\u00eda y bienestar Alineados con nuestro prop\u00f3sito innovador, a trav\u00e9s de la l\u00ednea Health apostamos a visibilizar el poder de la ozonoterapia como la alternativa natural m\u00e1s eficiente para el tratamiento de enfermedades y dolencias. Pr\u00f3ximamente Medicina general Odontolog\u00eda Dermatolog\u00eda Ginecolog\u00eda Fisioterapia Medicina deportiva Es importante consultar con un profesional de la salud capacitado [&hellip;]<\/p>\n","protected":false},"author":4,"featured_media":0,"parent":0,"menu_order":0,"comment_status":"closed","ping_status":"closed","template":"","meta":{"site-sidebar-layout":"no-sidebar","site-content-layout":"","ast-site-content-layout":"full-width-container","site-content-style":"default","site-sidebar-style":"default","ast-global-header-display":"","ast-banner-title-visibility":"","ast-main-header-display":"","ast-hfb-above-header-display":"","ast-hfb-below-header-display":"","ast-hfb-mobile-header-display":"","site-post-title":"disabled","ast-breadcrumbs-content":"","ast-featured-img":"disabled","footer-sml-layout":"","ast-disable-related-posts":"","theme-transparent-header-meta":"","adv-header-id-meta":"","stick-header-meta":"","header-above-stick-meta":"","header-main-stick-meta":"","header-below-stick-meta":"","astra-migrate-meta-layouts":"default","ast-page-background-enabled":"default","ast-page-background-meta":{"desktop":{"background-color":"var(--ast-global-color-4)","background-image":"","background-repeat":"repeat","background-position":"center center","background-size":"auto","background-attachment":"scroll","background-type":"","background-media":"","overlay-type":"","overlay-color":"","overlay-opacity":"","overlay-gradient":""},"tablet":{"background-color":"","background-image":"","background-repeat":"repeat","background-position":"center center","background-size":"auto","background-attachment":"scroll","background-type":"","background-media":"","overlay-type":"","overlay-color":"","overlay-opacity":"","overlay-gradient":""},"mobile":{"background-color":"","background-image":"","background-repeat":"repeat","background-position":"center center","background-size":"auto","background-attachment":"scroll","background-type":"","background-media":"","overlay-type":"","overlay-color":"","overlay-opacity":"","overlay-gradient":""}},"ast-content-background-meta":{"desktop":{"background-color":"var(--ast-global-color-5)","background-image":"","background-repeat":"repeat","background-position":"center center","background-size":"auto","background-attachment":"scroll","background-type":"","background-media":"","overlay-type":"","overlay-color":"","overlay-opacity":"","overlay-gradient":""},"tablet":{"background-color":"var(--ast-global-color-5)","background-image":"","background-repeat":"repeat","background-position":"center center","background-size":"auto","background-attachment":"scroll","background-type":"","background-media":"","overlay-type":"","overlay-color":"","overlay-opacity":"","overlay-gradient":""},"mobile":{"background-color":"var(--ast-global-color-5)","background-image":"","background-repeat":"repeat","background-position":"center center","background-size":"auto","background-attachment":"scroll","background-type":"","background-media":"","overlay-type":"","overlay-color":"","overlay-opacity":"","overlay-gradient":""}},"_joinchat":[],"footnotes":""},"class_list":["post-2715","page","type-page","status-publish","hentry"],"yoast_head":"<!-- This site is optimized with the Yoast SEO plugin v27.2 - https:\/\/yoast.com\/product\/yoast-seo-wordpress\/ -->\n<title>Health - Ozonizer Fabrica de equipo de Ozono<\/title>\n<meta name=\"robots\" content=\"index, follow, max-snippet:-1, max-image-preview:large, max-video-preview:-1\" \/>\n<link rel=\"canonical\" href=\"https:\/\/ozonizer.com.ar\/web\/health\/\" \/>\n<meta property=\"og:locale\" content=\"es_ES\" \/>\n<meta property=\"og:type\" content=\"article\" \/>\n<meta property=\"og:title\" content=\"Health - Ozonizer Fabrica de equipo de Ozono\" \/>\n<meta property=\"og:description\" content=\"Innovaci\u00f3n, tecnolog\u00eda y bienestar Alineados con nuestro prop\u00f3sito innovador, a trav\u00e9s de la l\u00ednea Health apostamos a visibilizar el poder de la ozonoterapia como la alternativa natural m\u00e1s eficiente para el tratamiento de enfermedades y dolencias. Pr\u00f3ximamente Medicina general Odontolog\u00eda Dermatolog\u00eda Ginecolog\u00eda Fisioterapia Medicina deportiva Es importante consultar con un profesional de la salud capacitado [&hellip;]\" \/>\n<meta property=\"og:url\" content=\"https:\/\/ozonizer.com.ar\/web\/health\/\" \/>\n<meta property=\"og:site_name\" content=\"Ozonizer Fabrica de equipo de Ozono\" \/>\n<meta property=\"article:modified_time\" content=\"2024-01-29T01:10:52+00:00\" \/>\n<meta property=\"og:image\" content=\"https:\/\/ozonizer.com.ar\/web\/wp-content\/uploads\/2025\/08\/Equipos_Industriales.jpg\" \/>\n\t<meta property=\"og:image:width\" content=\"1200\" \/>\n\t<meta property=\"og:image:height\" content=\"628\" \/>\n\t<meta property=\"og:image:type\" content=\"image\/jpeg\" \/>\n<meta name=\"twitter:card\" content=\"summary_large_image\" \/>\n<script type=\"application\/ld+json\" class=\"yoast-schema-graph\">{\"@context\":\"https:\/\/schema.org\",\"@graph\":[{\"@type\":\"WebPage\",\"@id\":\"https:\/\/ozonizer.com.ar\/web\/health\/\",\"url\":\"https:\/\/ozonizer.com.ar\/web\/health\/\",\"name\":\"Health - Ozonizer Fabrica de equipo de Ozono\",\"isPartOf\":{\"@id\":\"https:\/\/ozonizer.com.ar\/web\/#website\"},\"datePublished\":\"2023-12-19T23:12:52+00:00\",\"dateModified\":\"2024-01-29T01:10:52+00:00\",\"breadcrumb\":{\"@id\":\"https:\/\/ozonizer.com.ar\/web\/health\/#breadcrumb\"},\"inLanguage\":\"es\",\"potentialAction\":[{\"@type\":\"ReadAction\",\"target\":[\"https:\/\/ozonizer.com.ar\/web\/health\/\"]}]},{\"@type\":\"BreadcrumbList\",\"@id\":\"https:\/\/ozonizer.com.ar\/web\/health\/#breadcrumb\",\"itemListElement\":[{\"@type\":\"ListItem\",\"position\":1,\"name\":\"Portada\",\"item\":\"https:\/\/ozonizer.com.ar\/web\/\"},{\"@type\":\"ListItem\",\"position\":2,\"name\":\"Health\"}]},{\"@type\":\"WebSite\",\"@id\":\"https:\/\/ozonizer.com.ar\/web\/#website\",\"url\":\"https:\/\/ozonizer.com.ar\/web\/\",\"name\":\"Ozonizer - Equipos de Ozono Industrial\",\"description\":\"Generadores de ozono para Desinfecci\u00f3n\",\"publisher\":{\"@id\":\"https:\/\/ozonizer.com.ar\/web\/#organization\"},\"potentialAction\":[{\"@type\":\"SearchAction\",\"target\":{\"@type\":\"EntryPoint\",\"urlTemplate\":\"https:\/\/ozonizer.com.ar\/web\/?s={search_term_string}\"},\"query-input\":{\"@type\":\"PropertyValueSpecification\",\"valueRequired\":true,\"valueName\":\"search_term_string\"}}],\"inLanguage\":\"es\"},{\"@type\":\"Organization\",\"@id\":\"https:\/\/ozonizer.com.ar\/web\/#organization\",\"name\":\"Ozonizer El ozono es el desinfectante natural m\u00e1s poderoso.\",\"url\":\"https:\/\/ozonizer.com.ar\/web\/\",\"logo\":{\"@type\":\"ImageObject\",\"inLanguage\":\"es\",\"@id\":\"https:\/\/ozonizer.com.ar\/web\/#\/schema\/logo\/image\/\",\"url\":\"https:\/\/ozonizer.com.ar\/web\/wp-content\/uploads\/2024\/05\/cropped-LOGO-02-10.jpg\",\"contentUrl\":\"https:\/\/ozonizer.com.ar\/web\/wp-content\/uploads\/2024\/05\/cropped-LOGO-02-10.jpg\",\"width\":1077,\"height\":360,\"caption\":\"Ozonizer El ozono es el desinfectante natural m\u00e1s poderoso.\"},\"image\":{\"@id\":\"https:\/\/ozonizer.com.ar\/web\/#\/schema\/logo\/image\/\"},\"sameAs\":[\"https:\/\/www.linkedin.com\/company\/ozonizer-generadores-de-ozono\/\",\"https:\/\/www.instagram.com\/ozonizer.arg\"]}]}<\/script>\n<!-- \/ Yoast SEO plugin. -->","yoast_head_json":{"title":"Health - Ozonizer Fabrica de equipo de Ozono","robots":{"index":"index","follow":"follow","max-snippet":"max-snippet:-1","max-image-preview":"max-image-preview:large","max-video-preview":"max-video-preview:-1"},"canonical":"https:\/\/ozonizer.com.ar\/web\/health\/","og_locale":"es_ES","og_type":"article","og_title":"Health - Ozonizer Fabrica de equipo de Ozono","og_description":"Innovaci\u00f3n, tecnolog\u00eda y bienestar Alineados con nuestro prop\u00f3sito innovador, a trav\u00e9s de la l\u00ednea Health apostamos a visibilizar el poder de la ozonoterapia como la alternativa natural m\u00e1s eficiente para el tratamiento de enfermedades y dolencias. Pr\u00f3ximamente Medicina general Odontolog\u00eda Dermatolog\u00eda Ginecolog\u00eda Fisioterapia Medicina deportiva Es importante consultar con un profesional de la salud capacitado [&hellip;]","og_url":"https:\/\/ozonizer.com.ar\/web\/health\/","og_site_name":"Ozonizer Fabrica de equipo de Ozono","article_modified_time":"2024-01-29T01:10:52+00:00","og_image":[{"width":1200,"height":628,"url":"https:\/\/ozonizer.com.ar\/web\/wp-content\/uploads\/2025\/08\/Equipos_Industriales.jpg","type":"image\/jpeg"}],"twitter_card":"summary_large_image","schema":{"@context":"https:\/\/schema.org","@graph":[{"@type":"WebPage","@id":"https:\/\/ozonizer.com.ar\/web\/health\/","url":"https:\/\/ozonizer.com.ar\/web\/health\/","name":"Health - Ozonizer Fabrica de equipo de Ozono","isPartOf":{"@id":"https:\/\/ozonizer.com.ar\/web\/#website"},"datePublished":"2023-12-19T23:12:52+00:00","dateModified":"2024-01-29T01:10:52+00:00","breadcrumb":{"@id":"https:\/\/ozonizer.com.ar\/web\/health\/#breadcrumb"},"inLanguage":"es","potentialAction":[{"@type":"ReadAction","target":["https:\/\/ozonizer.com.ar\/web\/health\/"]}]},{"@type":"BreadcrumbList","@id":"https:\/\/ozonizer.com.ar\/web\/health\/#breadcrumb","itemListElement":[{"@type":"ListItem","position":1,"name":"Portada","item":"https:\/\/ozonizer.com.ar\/web\/"},{"@type":"ListItem","position":2,"name":"Health"}]},{"@type":"WebSite","@id":"https:\/\/ozonizer.com.ar\/web\/#website","url":"https:\/\/ozonizer.com.ar\/web\/","name":"Ozonizer - Equipos de Ozono Industrial","description":"Generadores de ozono para Desinfecci\u00f3n","publisher":{"@id":"https:\/\/ozonizer.com.ar\/web\/#organization"},"potentialAction":[{"@type":"SearchAction","target":{"@type":"EntryPoint","urlTemplate":"https:\/\/ozonizer.com.ar\/web\/?s={search_term_string}"},"query-input":{"@type":"PropertyValueSpecification","valueRequired":true,"valueName":"search_term_string"}}],"inLanguage":"es"},{"@type":"Organization","@id":"https:\/\/ozonizer.com.ar\/web\/#organization","name":"Ozonizer El ozono es el desinfectante natural m\u00e1s poderoso.","url":"https:\/\/ozonizer.com.ar\/web\/","logo":{"@type":"ImageObject","inLanguage":"es","@id":"https:\/\/ozonizer.com.ar\/web\/#\/schema\/logo\/image\/","url":"https:\/\/ozonizer.com.ar\/web\/wp-content\/uploads\/2024\/05\/cropped-LOGO-02-10.jpg","contentUrl":"https:\/\/ozonizer.com.ar\/web\/wp-content\/uploads\/2024\/05\/cropped-LOGO-02-10.jpg","width":1077,"height":360,"caption":"Ozonizer El ozono es el desinfectante natural m\u00e1s poderoso."},"image":{"@id":"https:\/\/ozonizer.com.ar\/web\/#\/schema\/logo\/image\/"},"sameAs":["https:\/\/www.linkedin.com\/company\/ozonizer-generadores-de-ozono\/","https:\/\/www.instagram.com\/ozonizer.arg"]}]}},"_links":{"self":[{"href":"https:\/\/ozonizer.com.ar\/web\/wp-json\/wp\/v2\/pages\/2715","targetHints":{"allow":["GET"]}}],"collection":[{"href":"https:\/\/ozonizer.com.ar\/web\/wp-json\/wp\/v2\/pages"}],"about":[{"href":"https:\/\/ozonizer.com.ar\/web\/wp-json\/wp\/v2\/types\/page"}],"author":[{"embeddable":true,"href":"https:\/\/ozonizer.com.ar\/web\/wp-json\/wp\/v2\/users\/4"}],"replies":[{"embeddable":true,"href":"https:\/\/ozonizer.com.ar\/web\/wp-json\/wp\/v2\/comments?post=2715"}],"version-history":[{"count":0,"href":"https:\/\/ozonizer.com.ar\/web\/wp-json\/wp\/v2\/pages\/2715\/revisions"}],"wp:attachment":[{"href":"https:\/\/ozonizer.com.ar\/web\/wp-json\/wp\/v2\/media?parent=2715"}],"curies":[{"name":"wp","href":"https:\/\/api.w.org\/{rel}","templated":true}]}}